{"id":91807,"date":"2021-06-07T11:05:46","date_gmt":"2021-06-07T09:05:46","guid":{"rendered":"https:\/\/bonitomundo.com\/producto\/scrunchie-%c2%b7-100-silk\/"},"modified":"2025-10-24T13:40:21","modified_gmt":"2025-10-24T11:40:21","slug":"silk-scrunchie","status":"publish","type":"product","link":"https:\/\/bonitomundo.com\/en\/producto\/silk-scrunchie\/","title":{"rendered":"Scrunchie \u00b7 100% Silk"},"content":{"rendered":"<p>This <strong data-start=\"816\" data-end=\"832\">natural Italian silk<\/strong> scrunchie will elevate your look. Wear it in your hair or on your wrist for a unique touch. Silk scrunchies are in fashion this year and are perfect for completing any look with an elegant touch.<\/p>\n<p><strong data-start=\"464\" data-end=\"483\">Don&#8217;t forget!<\/strong> Take two scrunchies or combine it with a <a href=\"https:\/\/bonitomundo.com\/en\/mini-silk-accessories\/\">matching silk charm<\/a> and <strong data-start=\"508\" data-end=\"539\">take advantage of free shipping<\/strong>. Ideal as a gift or for yourself!<\/p>\n<p class=\"\" data-start=\"273\" data-end=\"465\">\ud83c\udfa8 3 designs available \u2013 choose your favorite<br data-start=\"317\" data-end=\"320\" \/>\ud83d\udcab Price per unit<br data-start=\"340\" data-end=\"343\" \/>\ud83d\udce6 Gift box presentation<br data-start=\"389\" data-end=\"392\" \/>\ud83d\ude9a Free shipping from \u20ac50 \u2013 take 2 or <a href=\"https:\/\/bonitomundo.com\/en\/nature-collection\/\">combine it with a scarf<\/a><\/p>\n<h2 data-start=\"467\" data-end=\"616\">Natural Silk Scrunchie<\/h2>\n<p class=\"\" data-start=\"467\" data-end=\"616\">Made with Italian silk printed with our original designs inspired by nature. Gentle on your hair, they do not break it or leave marks.<\/p>\n<p data-start=\"467\" data-end=\"616\">Choose your scrunchie model to match your favorite scarf!<br data-start=\"1673\" data-end=\"1676\" \/>\ud83d\udd17 <strong data-start=\"1679\" data-end=\"1727\"><a class=\"\" href=\"https:\/\/bonitomundo.com\/en\/silk-gift-sets\/\" rel=\"noopener\" data-start=\"1681\" data-end=\"1725\">Discover our silk scarves here<\/a><\/strong><\/p>\n<p><script type=\"application\/ld+json\">\n{\n  \"@context\": \"https:\/\/schema.org\/\", \n  \"@type\": \"Product\", \n  \"name\": \"Coletero de Seda Natural\",\n  \"image\": \"https:\/\/bonitomundo.com\/wp-content\/uploads\/2021\/06\/coletero-seda-natural-paradise-bonito-mundo-1.jpg\",\n  \"description\": \"Este scrunchie de seda natural elevar\u00e1 tu look. Ll\u00e9valo en tu pelo o en la mu\u00f1eca para un toque \u00fanico. Los coleteros de seda est\u00e1n de moda este a\u00f1o y son perfectos para completar cualquier look con un toque elegante. \u00a1No te olvides! Ll\u00e9vate dos coleteros o combinalo con un charm de seda a juego y aprovecha el env\u00edo gratuito. \u00a1Ideal para regalar o para ti! 3 dise\u00f1os disponibles \u2013 elige tu favorito. Precio por unidad. Presentaci\u00f3n en caja regalo. Env\u00edo gratis desde 50\u202f\u20ac \u2013 ll\u00e9vate 2 o comb\u00ednalo con un pa\u00f1uelo. Coletero Seda Natural. Hechos con seda de morera estampada con nuestros dise\u00f1os originales inspirados en la naturaleza. Suaves con tu cabello, no lo rompen ni dejan marcas.. \u00a1Elige tu modelo de scrunchie a conjunto con tu pa\u00f1uelo favorito! Descubre nuestros pa\u00f1uelos de seda aqu\u00ed. Coletero 100 % Seda. Estampaci\u00f3n digital con tintas ecol\u00f3gicas. Fabricado en Espa\u00f1a. Dise\u00f1ado por Estela Rivero. \u00a1Elige tu modelo de scrunchie a conjunto con tu pa\u00f1uelo!\",\n  \"brand\": {\n    \"@type\": \"Brand\",\n    \"name\": \"Bonito Mundo\"\n  },\n  \"aggregateRating\": {\n    \"@type\": \"AggregateRating\",\n    \"ratingValue\": \"5\",\n    \"bestRating\": \"5\",\n    \"worstRating\": \"1\",\n    \"ratingCount\": \"34\"\n  }\n}\n<\/script><\/p>\n","protected":false},"excerpt":{"rendered":"<hr \/>\n<p>100% Silk Scrunchie<br \/>\nDigital printing with ecological inks<br \/>\nMade in Spain<br \/>\nDesigned by Estela Rivero<\/p>\n<p><em>Choose your scrunchie model to match <a href=\"https:\/\/bonitomundo.com\/en\/printed-silk-scarves\/\" target=\"_blank\" rel=\"noopener\">your scarf<\/a>!<\/em><\/p>\n","protected":false},"featured_media":90639,"template":"","meta":[],"product_brand":[],"product_cat":[441,436,423],"product_tag":[444,446,442,445,443],"class_list":{"0":"post-91807","1":"product","2":"type-product","3":"status-publish","4":"has-post-thumbnail","6":"product_cat-mini-silk-accessories","7":"product_cat-nature-collection","8":"product_cat-silk","9":"product_tag-accessories","10":"product_tag-colorful","11":"product_tag-deseda","12":"product_tag-prints","13":"product_tag-scrunchie","15":"first","16":"instock","17":"taxable","18":"shipping-taxable","19":"purchasable","20":"product-type-variable"},"yoast_head":"<!-- This site is optimized with the Yoast SEO plugin v27.4 - https:\/\/yoast.com\/product\/yoast-seo-wordpress\/ -->\n<title>Natural Italian Silk Scrunchie \u00b7 Bonito Mundo<\/title>\n<meta name=\"description\" content=\"Discover our natural silk scrunchies, ideal for hair or as a bracelet. Unique artisanal designs, made in Spain.\" \/>\n<meta name=\"robots\" content=\"index, follow, max-snippet:-1, max-image-preview:large, max-video-preview:-1\" \/>\n<link rel=\"canonical\" href=\"https:\/\/bonitomundo.com\/en\/producto\/silk-scrunchie\/\" \/>\n<meta property=\"og:locale\" content=\"en_US\" \/>\n<meta property=\"og:type\" content=\"article\" \/>\n<meta property=\"og:title\" content=\"Natural Italian Silk Scrunchie \u00b7 Bonito Mundo\" \/>\n<meta property=\"og:description\" content=\"Discover our natural silk scrunchies, ideal for hair or as a bracelet. Unique artisanal designs, made in Spain.\" \/>\n<meta property=\"og:url\" content=\"https:\/\/bonitomundo.com\/en\/producto\/silk-scrunchie\/\" \/>\n<meta property=\"og:site_name\" content=\"BONITO MUNDO\" \/>\n<meta property=\"article:publisher\" content=\"https:\/\/www.facebook.com\/BonitoMundobyEstelaRivero\/\" \/>\n<meta property=\"article:modified_time\" content=\"2025-10-24T11:40:21+00:00\" \/>\n<meta property=\"og:image\" content=\"http:\/\/bonitomundo.com\/wp-content\/uploads\/2021\/06\/coletero-bonitomundo-freespirit2.jpg\" \/>\n\t<meta property=\"og:image:width\" content=\"1200\" \/>\n\t<meta property=\"og:image:height\" content=\"1200\" \/>\n\t<meta property=\"og:image:type\" content=\"image\/jpeg\" \/>\n<meta name=\"twitter:card\" content=\"summary_large_image\" \/>\n<meta name=\"twitter:label1\" content=\"Est. reading time\" \/>\n\t<meta name=\"twitter:data1\" content=\"1 minute\" \/>\n<script type=\"application\/ld+json\" class=\"yoast-schema-graph\">{\"@context\":\"https:\\\/\\\/schema.org\",\"@graph\":[{\"@type\":\"WebPage\",\"@id\":\"https:\\\/\\\/bonitomundo.com\\\/en\\\/producto\\\/silk-scrunchie\\\/\",\"url\":\"https:\\\/\\\/bonitomundo.com\\\/en\\\/producto\\\/silk-scrunchie\\\/\",\"name\":\"Natural Italian Silk Scrunchie \u00b7 Bonito Mundo\",\"isPartOf\":{\"@id\":\"https:\\\/\\\/bonitomundo.com\\\/en\\\/#website\"},\"primaryImageOfPage\":{\"@id\":\"https:\\\/\\\/bonitomundo.com\\\/en\\\/producto\\\/silk-scrunchie\\\/#primaryimage\"},\"image\":{\"@id\":\"https:\\\/\\\/bonitomundo.com\\\/en\\\/producto\\\/silk-scrunchie\\\/#primaryimage\"},\"thumbnailUrl\":\"https:\\\/\\\/bonitomundo.com\\\/wp-content\\\/uploads\\\/2021\\\/06\\\/coletero-bonitomundo-freespirit2.jpg\",\"datePublished\":\"2021-06-07T09:05:46+00:00\",\"dateModified\":\"2025-10-24T11:40:21+00:00\",\"description\":\"Discover our natural silk scrunchies, ideal for hair or as a bracelet. Unique artisanal designs, made in Spain.\",\"breadcrumb\":{\"@id\":\"https:\\\/\\\/bonitomundo.com\\\/en\\\/producto\\\/silk-scrunchie\\\/#breadcrumb\"},\"inLanguage\":\"en-US\",\"potentialAction\":[{\"@type\":\"ReadAction\",\"target\":[\"https:\\\/\\\/bonitomundo.com\\\/en\\\/producto\\\/silk-scrunchie\\\/\"]}]},{\"@type\":\"ImageObject\",\"inLanguage\":\"en-US\",\"@id\":\"https:\\\/\\\/bonitomundo.com\\\/en\\\/producto\\\/silk-scrunchie\\\/#primaryimage\",\"url\":\"https:\\\/\\\/bonitomundo.com\\\/wp-content\\\/uploads\\\/2021\\\/06\\\/coletero-bonitomundo-freespirit2.jpg\",\"contentUrl\":\"https:\\\/\\\/bonitomundo.com\\\/wp-content\\\/uploads\\\/2021\\\/06\\\/coletero-bonitomundo-freespirit2.jpg\",\"width\":1200,\"height\":1200,\"caption\":\"coletero de seda natural de color verde hecho en Espa\u00f1a\"},{\"@type\":\"BreadcrumbList\",\"@id\":\"https:\\\/\\\/bonitomundo.com\\\/en\\\/producto\\\/silk-scrunchie\\\/#breadcrumb\",\"itemListElement\":[{\"@type\":\"ListItem\",\"position\":1,\"name\":\"Portada\",\"item\":\"https:\\\/\\\/bonitomundo.com\\\/en\\\/shop\\\/\"},{\"@type\":\"ListItem\",\"position\":2,\"name\":\"Bonito Mundo\",\"item\":\"https:\\\/\\\/bonitomundo.com\\\/en\\\/shop\\\/\"},{\"@type\":\"ListItem\",\"position\":3,\"name\":\"Scrunchie \u00b7 100% Silk\"}]},{\"@type\":\"WebSite\",\"@id\":\"https:\\\/\\\/bonitomundo.com\\\/en\\\/#website\",\"url\":\"https:\\\/\\\/bonitomundo.com\\\/en\\\/\",\"name\":\"BONITO MUNDO \u00b7 Pa\u00f1uelos de Seda con Arte \u00b7 Barcelona \u00b7 Accesorios Mujer\",\"description\":\"Tienda Online Pa\u00f1uelos de Seda con Arte hecho en Barcelona\",\"publisher\":{\"@id\":\"https:\\\/\\\/bonitomundo.com\\\/en\\\/#organization\"},\"alternateName\":\"Bonito Mundo\",\"potentialAction\":[{\"@type\":\"SearchAction\",\"target\":{\"@type\":\"EntryPoint\",\"urlTemplate\":\"https:\\\/\\\/bonitomundo.com\\\/en\\\/?s={search_term_string}\"},\"query-input\":{\"@type\":\"PropertyValueSpecification\",\"valueRequired\":true,\"valueName\":\"search_term_string\"}}],\"inLanguage\":\"en-US\"},{\"@type\":\"Organization\",\"@id\":\"https:\\\/\\\/bonitomundo.com\\\/en\\\/#organization\",\"name\":\"Bonito Mundo\",\"url\":\"https:\\\/\\\/bonitomundo.com\\\/en\\\/\",\"logo\":{\"@type\":\"ImageObject\",\"inLanguage\":\"en-US\",\"@id\":\"https:\\\/\\\/bonitomundo.com\\\/en\\\/#\\\/schema\\\/logo\\\/image\\\/\",\"url\":\"\",\"contentUrl\":\"\",\"caption\":\"Bonito Mundo\"},\"image\":{\"@id\":\"https:\\\/\\\/bonitomundo.com\\\/en\\\/#\\\/schema\\\/logo\\\/image\\\/\"},\"sameAs\":[\"https:\\\/\\\/www.facebook.com\\\/BonitoMundobyEstelaRivero\\\/\",\"https:\\\/\\\/instagram.com\\\/bonitomundo_com\",\"https:\\\/\\\/www.tiktok.com\\\/@bonitomundo.com\",\"https:\\\/\\\/es.pinterest.com\\\/bonitomundo_com\\\/\"]}]}<\/script>\n<!-- \/ Yoast SEO plugin. -->","yoast_head_json":{"title":"Natural Italian Silk Scrunchie \u00b7 Bonito Mundo","description":"Discover our natural silk scrunchies, ideal for hair or as a bracelet. Unique artisanal designs, made in Spain.","robots":{"index":"index","follow":"follow","max-snippet":"max-snippet:-1","max-image-preview":"max-image-preview:large","max-video-preview":"max-video-preview:-1"},"canonical":"https:\/\/bonitomundo.com\/en\/producto\/silk-scrunchie\/","og_locale":"en_US","og_type":"article","og_title":"Natural Italian Silk Scrunchie \u00b7 Bonito Mundo","og_description":"Discover our natural silk scrunchies, ideal for hair or as a bracelet. Unique artisanal designs, made in Spain.","og_url":"https:\/\/bonitomundo.com\/en\/producto\/silk-scrunchie\/","og_site_name":"BONITO MUNDO","article_publisher":"https:\/\/www.facebook.com\/BonitoMundobyEstelaRivero\/","article_modified_time":"2025-10-24T11:40:21+00:00","og_image":[{"width":1200,"height":1200,"url":"http:\/\/bonitomundo.com\/wp-content\/uploads\/2021\/06\/coletero-bonitomundo-freespirit2.jpg","type":"image\/jpeg"}],"twitter_card":"summary_large_image","twitter_misc":{"Est. reading time":"1 minute"},"schema":{"@context":"https:\/\/schema.org","@graph":[{"@type":"WebPage","@id":"https:\/\/bonitomundo.com\/en\/producto\/silk-scrunchie\/","url":"https:\/\/bonitomundo.com\/en\/producto\/silk-scrunchie\/","name":"Natural Italian Silk Scrunchie \u00b7 Bonito Mundo","isPartOf":{"@id":"https:\/\/bonitomundo.com\/en\/#website"},"primaryImageOfPage":{"@id":"https:\/\/bonitomundo.com\/en\/producto\/silk-scrunchie\/#primaryimage"},"image":{"@id":"https:\/\/bonitomundo.com\/en\/producto\/silk-scrunchie\/#primaryimage"},"thumbnailUrl":"https:\/\/bonitomundo.com\/wp-content\/uploads\/2021\/06\/coletero-bonitomundo-freespirit2.jpg","datePublished":"2021-06-07T09:05:46+00:00","dateModified":"2025-10-24T11:40:21+00:00","description":"Discover our natural silk scrunchies, ideal for hair or as a bracelet. Unique artisanal designs, made in Spain.","breadcrumb":{"@id":"https:\/\/bonitomundo.com\/en\/producto\/silk-scrunchie\/#breadcrumb"},"inLanguage":"en-US","potentialAction":[{"@type":"ReadAction","target":["https:\/\/bonitomundo.com\/en\/producto\/silk-scrunchie\/"]}]},{"@type":"ImageObject","inLanguage":"en-US","@id":"https:\/\/bonitomundo.com\/en\/producto\/silk-scrunchie\/#primaryimage","url":"https:\/\/bonitomundo.com\/wp-content\/uploads\/2021\/06\/coletero-bonitomundo-freespirit2.jpg","contentUrl":"https:\/\/bonitomundo.com\/wp-content\/uploads\/2021\/06\/coletero-bonitomundo-freespirit2.jpg","width":1200,"height":1200,"caption":"coletero de seda natural de color verde hecho en Espa\u00f1a"},{"@type":"BreadcrumbList","@id":"https:\/\/bonitomundo.com\/en\/producto\/silk-scrunchie\/#breadcrumb","itemListElement":[{"@type":"ListItem","position":1,"name":"Portada","item":"https:\/\/bonitomundo.com\/en\/shop\/"},{"@type":"ListItem","position":2,"name":"Bonito Mundo","item":"https:\/\/bonitomundo.com\/en\/shop\/"},{"@type":"ListItem","position":3,"name":"Scrunchie \u00b7 100% Silk"}]},{"@type":"WebSite","@id":"https:\/\/bonitomundo.com\/en\/#website","url":"https:\/\/bonitomundo.com\/en\/","name":"BONITO MUNDO \u00b7 Pa\u00f1uelos de Seda con Arte \u00b7 Barcelona \u00b7 Accesorios Mujer","description":"Tienda Online Pa\u00f1uelos de Seda con Arte hecho en Barcelona","publisher":{"@id":"https:\/\/bonitomundo.com\/en\/#organization"},"alternateName":"Bonito Mundo","potentialAction":[{"@type":"SearchAction","target":{"@type":"EntryPoint","urlTemplate":"https:\/\/bonitomundo.com\/en\/?s={search_term_string}"},"query-input":{"@type":"PropertyValueSpecification","valueRequired":true,"valueName":"search_term_string"}}],"inLanguage":"en-US"},{"@type":"Organization","@id":"https:\/\/bonitomundo.com\/en\/#organization","name":"Bonito Mundo","url":"https:\/\/bonitomundo.com\/en\/","logo":{"@type":"ImageObject","inLanguage":"en-US","@id":"https:\/\/bonitomundo.com\/en\/#\/schema\/logo\/image\/","url":"","contentUrl":"","caption":"Bonito Mundo"},"image":{"@id":"https:\/\/bonitomundo.com\/en\/#\/schema\/logo\/image\/"},"sameAs":["https:\/\/www.facebook.com\/BonitoMundobyEstelaRivero\/","https:\/\/instagram.com\/bonitomundo_com","https:\/\/www.tiktok.com\/@bonitomundo.com","https:\/\/es.pinterest.com\/bonitomundo_com\/"]}]}},"_links":{"self":[{"href":"https:\/\/bonitomundo.com\/en\/wp-json\/wp\/v2\/product\/91807","targetHints":{"allow":["GET"]}}],"collection":[{"href":"https:\/\/bonitomundo.com\/en\/wp-json\/wp\/v2\/product"}],"about":[{"href":"https:\/\/bonitomundo.com\/en\/wp-json\/wp\/v2\/types\/product"}],"wp:featuredmedia":[{"embeddable":true,"href":"https:\/\/bonitomundo.com\/en\/wp-json\/wp\/v2\/media\/90639"}],"wp:attachment":[{"href":"https:\/\/bonitomundo.com\/en\/wp-json\/wp\/v2\/media?parent=91807"}],"wp:term":[{"taxonomy":"product_brand","embeddable":true,"href":"https:\/\/bonitomundo.com\/en\/wp-json\/wp\/v2\/product_brand?post=91807"},{"taxonomy":"product_cat","embeddable":true,"href":"https:\/\/bonitomundo.com\/en\/wp-json\/wp\/v2\/product_cat?post=91807"},{"taxonomy":"product_tag","embeddable":true,"href":"https:\/\/bonitomundo.com\/en\/wp-json\/wp\/v2\/product_tag?post=91807"}],"curies":[{"name":"wp","href":"https:\/\/api.w.org\/{rel}","templated":true}]}}